{"id":52,"date":"2021-12-27T15:14:03","date_gmt":"2021-12-27T14:14:03","guid":{"rendered":"https:\/\/maison-horizon.fr\/?page_id=52"},"modified":"2025-09-03T20:38:06","modified_gmt":"2025-09-03T18:38:06","slug":"contact","status":"publish","type":"page","link":"https:\/\/maison-horizon.fr\/?page_id=52","title":{"rendered":"Tarifs et contact"},"content":{"rendered":"\n<div class=\"wp-block-group alignfull has-foreground-color has-background-background-color has-text-color has-background\"><div class=\"wp-block-group__inner-container is-layout-flow wp-block-group-is-layout-flow\">\n<div style=\"height:60px\" aria-hidden=\"true\" class=\"wp-block-spacer\"><\/div>\n\n\n\n<h2 class=\"wp-block-heading\" id=\"nos-tarifs\">Nos tarifs<\/h2>\n\n\n\n<figure class=\"wp-block-table\"><table><tbody><tr><td>Appartement<\/td><td class=\"has-text-align-right\" data-align=\"right\">Saison Haute *<\/td><td class=\"has-text-align-right\" data-align=\"right\">Saison Basse* <\/td><\/tr><tr><td>Appartement avec 1 chambre*<\/td><td class=\"has-text-align-right\" data-align=\"right\">180 \u20ac<\/td><td class=\"has-text-align-right\" data-align=\"right\">150 \u20ac<\/td><\/tr><tr><td>Appartement avec 2 chambres*<\/td><td class=\"has-text-align-right\" data-align=\"right\">270 \u20ac<\/td><td class=\"has-text-align-right\" data-align=\"right\">240 \u20ac<\/td><\/tr><\/tbody><tfoot><tr><td>* Petits d\u00e9jeuners inclus<\/td><td class=\"has-text-align-right\" data-align=\"right\">* Mai \u00e0 Septembre<\/td><td class=\"has-text-align-right\" data-align=\"right\">* Octobre \u00e0 Avril<\/td><\/tr><\/tfoot><\/table><\/figure>\n\n\n\n<p class=\"wp-block-paragraph\">S\u00e9jour minimum de 2 nuits <\/p>\n\n\n\n<p class=\"wp-block-paragraph\"><strong>La piscine est ouverte du 1er Mai au 30 Septembre.<\/strong><\/p>\n\n\n\n<p class=\"has-secondary-color has-text-color wp-block-paragraph\"><strong>-5% de r\u00e9duction sur votre s\u00e9jour pour toute r\u00e9servation \u00e0 partir de 3 nuits. <br>-10% de r\u00e9duction pour 7 nuits et plus.<\/strong><\/p>\n\n\n\n<p class=\"wp-block-paragraph\"><br>Un versement de 30% vous sera demand\u00e9 pour confirmer votre r\u00e9servation. <br>Annulation gratuite jusqu&rsquo;\u00e0 14 jours avant le d\u00e9but de votre s\u00e9jour.  Apr\u00e8s cette date, le versement de l&rsquo;acompte ne pourra \u00eatre restitu\u00e9.<\/p>\n\n\n\n<p class=\"wp-block-paragraph\">Possibilit\u00e9 exceptionnelle d&rsquo;une nuit\u00e9e (nous contacter par mail ou t\u00e9l\u00e9phone pour r\u00e9server).<\/p>\n\n\n\n<p class=\"wp-block-paragraph\">Animaux non accept\u00e9s.<\/p>\n\n\n\n<p class=\"wp-block-paragraph\">Nous acceptons les r\u00e8glements par carte bancaire, ch\u00e8que et esp\u00e8ces ainsi que par virement.<\/p>\n\n\n\n<p class=\"wp-block-paragraph\">Vous avez la possibilit\u00e9 de demander votre r\u00e9servation de pr\u00e9f\u00e9rence via l&rsquo;onglet \u00ab\u00a0R\u00e9servation\u00a0\u00bb de ce site ou de nous contacter par mail en utilisant le formulaire ci-dessous.<\/p>\n\n\n\n<p class=\"wp-block-paragraph\">Pour tout renseignement compl\u00e9mentaire, vous pouvez \u00e9galement nous contacter par t\u00e9l\u00e9phone au +33 6 85 75 34 30<\/p>\n\n\n\n<h2 class=\"wp-block-heading\" id=\"pour-nous-contacter\">Pour nous contacter<\/h2>\n\n\n\n<p class=\"wp-block-paragraph\">Utiliser le formulaire ci-dessous pour nous envoyer un message. Nous vous r\u00e9pondrons dans les meilleurs d\u00e9lais.<\/p>\n\n\n\n<div class=\"wp-block-columns is-layout-flex wp-container-core-columns-is-layout-7387b849 wp-block-columns-is-layout-flex\">\n<div class=\"wp-block-column is-layout-flow wp-block-column-is-layout-flow\" style=\"flex-basis:100%\">\n<div class=\"wp-block-columns is-layout-flex wp-container-core-columns-is-layout-7387b849 wp-block-columns-is-layout-flex\">\n<div class=\"wp-block-column is-layout-flow wp-block-column-is-layout-flow\" style=\"flex-basis:100%\">\n<div class=\"wp-block-columns alignwide is-layout-flex wp-container-core-columns-is-layout-7387b849 wp-block-columns-is-layout-flex\">\n<div class=\"wp-block-column is-layout-flow wp-block-column-is-layout-flow\"><div class=\"wp-block-jetpack-contact-form is-layout-flex wp-container-jetpack-contact-form-is-layout-b9bba262 wp-block-jetpack-contact-form-is-layout-flex\"><a href=\"https:\/\/maison-horizon.fr\/?page_id=52\" target=\"_blank\" rel=\"noopener noreferrer\">Soumettre un formulaire.<\/a><\/div><\/div>\n<\/div>\n<\/div>\n<\/div>\n<\/div>\n<\/div>\n\n\n\n<div style=\"height:60px\" aria-hidden=\"true\" class=\"wp-block-spacer\"><\/div>\n<\/div><\/div>\n","protected":false},"excerpt":{"rendered":"<p>Nos tarifs Appartement Saison Haute * Saison Basse* Appartement avec 1 chambre* 180 \u20ac 150 \u20ac Appartement avec 2 chambres* 270 \u20ac 240 \u20ac * Petits d\u00e9jeuners inclus * Mai \u00e0 Septembre * Octobre \u00e0 Avril S\u00e9jour minimum de 2 nuits La piscine est ouverte du 1er Mai au 30 Septembre. -5% de r\u00e9duction sur<a class=\"more-link\" href=\"https:\/\/maison-horizon.fr\/?page_id=52\">Lire la suite <span class=\"screen-reader-text\">\u00ab\u00a0Tarifs et contact\u00a0\u00bb<\/span><\/a><\/p>\n","protected":false},"author":215344709,"featured_media":0,"parent":0,"menu_order":0,"comment_status":"closed","ping_status":"closed","template":"","meta":{"_crdt_document":"","advanced_seo_description":"","jetpack_seo_html_title":"","jetpack_seo_noindex":false,"jetpack_post_was_ever_published":false,"footnotes":""},"class_list":["post-52","page","type-page","status-publish","hentry","entry"],"jetpack_likes_enabled":true,"jetpack_sharing_enabled":true,"jetpack_shortlink":"https:\/\/wp.me\/PdBV04-Q","amp_enabled":true,"_links":{"self":[{"href":"https:\/\/maison-horizon.fr\/index.php?rest_route=\/wp\/v2\/pages\/52","targetHints":{"allow":["GET"]}}],"collection":[{"href":"https:\/\/maison-horizon.fr\/index.php?rest_route=\/wp\/v2\/pages"}],"about":[{"href":"https:\/\/maison-horizon.fr\/index.php?rest_route=\/wp\/v2\/types\/page"}],"author":[{"embeddable":true,"href":"https:\/\/maison-horizon.fr\/index.php?rest_route=\/wp\/v2\/users\/215344709"}],"replies":[{"embeddable":true,"href":"https:\/\/maison-horizon.fr\/index.php?rest_route=%2Fwp%2Fv2%2Fcomments&post=52"}],"version-history":[{"count":40,"href":"https:\/\/maison-horizon.fr\/index.php?rest_route=\/wp\/v2\/pages\/52\/revisions"}],"predecessor-version":[{"id":1912,"href":"https:\/\/maison-horizon.fr\/index.php?rest_route=\/wp\/v2\/pages\/52\/revisions\/1912"}],"wp:attachment":[{"href":"https:\/\/maison-horizon.fr\/index.php?rest_route=%2Fwp%2Fv2%2Fmedia&parent=52"}],"curies":[{"name":"wp","href":"https:\/\/api.w.org\/{rel}","templated":true}]}}