{"id":172,"date":"2021-12-29T16:37:42","date_gmt":"2021-12-29T15:37:42","guid":{"rendered":"https:\/\/maison-horizon.fr\/?page_id=172"},"modified":"2022-01-03T12:43:51","modified_gmt":"2022-01-03T11:43:51","slug":"covid-19","status":"publish","type":"page","link":"https:\/\/maison-horizon.fr\/?page_id=172","title":{"rendered":"Info Covid-19"},"content":{"rendered":"\n<p class=\"has-secondary-color has-text-color wp-block-paragraph\">Pass sanitaire <\/p>\n\n\n\n<p class=\"has-foreground-color has-text-color wp-block-paragraph\">conform\u00e9ment aux derni\u00e8res directives gouvernementales, afin de profiter pleinement de votre s\u00e9jour et de pouvoir b\u00e9n\u00e9ficier de l\u2019ensemble de nos services sur place (petits d\u00e9jeuners, piscine\u2026), nous sommes tenus de vous demander la pr\u00e9sentation de votre pass sanitaire \u00e0 votre arriv\u00e9e.\u00a0Nous vous informons que nous sommes nous-m\u00eames vaccin\u00e9s et que nous sommes vigilants quant au bon d\u00e9roulement du s\u00e9jour de chacun de nos h\u00f4tes !<\/p>\n\n\n\n<p class=\"has-secondary-color has-text-color wp-block-paragraph\">Annulation et report <\/p>\n\n\n\n<p class=\"wp-block-paragraph\">Nous restons flexibles pour nous adapter aux conditions sanitaires du moment. &#8230;..<\/p>\n\n\n\n<p class=\"wp-block-paragraph\"><\/p>\n","protected":false},"excerpt":{"rendered":"<p>Pass sanitaire conform\u00e9ment aux derni\u00e8res directives gouvernementales, afin de profiter pleinement de votre s\u00e9jour et de pouvoir b\u00e9n\u00e9ficier de l\u2019ensemble de nos services sur place (petits d\u00e9jeuners, piscine\u2026), nous sommes tenus de vous demander la pr\u00e9sentation de votre pass sanitaire \u00e0 votre arriv\u00e9e.\u00a0Nous vous informons que nous sommes nous-m\u00eames vaccin\u00e9s et que nous sommes vigilants<a class=\"more-link\" href=\"https:\/\/maison-horizon.fr\/?page_id=172\">Lire la suite <span class=\"screen-reader-text\">\u00ab\u00a0Info Covid-19\u00a0\u00bb<\/span><\/a><\/p>\n","protected":false},"author":215344709,"featured_media":0,"parent":0,"menu_order":0,"comment_status":"closed","ping_status":"closed","template":"","meta":{"_crdt_document":"","advanced_seo_description":"","jetpack_seo_html_title":"","jetpack_seo_noindex":false,"footnotes":""},"class_list":["post-172","page","type-page","status-publish","hentry","entry"],"jetpack_likes_enabled":true,"jetpack_sharing_enabled":true,"jetpack_shortlink":"https:\/\/wp.me\/PdBV04-2M","amp_enabled":true,"_links":{"self":[{"href":"https:\/\/maison-horizon.fr\/index.php?rest_route=\/wp\/v2\/pages\/172","targetHints":{"allow":["GET"]}}],"collection":[{"href":"https:\/\/maison-horizon.fr\/index.php?rest_route=\/wp\/v2\/pages"}],"about":[{"href":"https:\/\/maison-horizon.fr\/index.php?rest_route=\/wp\/v2\/types\/page"}],"author":[{"embeddable":true,"href":"https:\/\/maison-horizon.fr\/index.php?rest_route=\/wp\/v2\/users\/215344709"}],"replies":[{"embeddable":true,"href":"https:\/\/maison-horizon.fr\/index.php?rest_route=%2Fwp%2Fv2%2Fcomments&post=172"}],"version-history":[{"count":4,"href":"https:\/\/maison-horizon.fr\/index.php?rest_route=\/wp\/v2\/pages\/172\/revisions"}],"predecessor-version":[{"id":340,"href":"https:\/\/maison-horizon.fr\/index.php?rest_route=\/wp\/v2\/pages\/172\/revisions\/340"}],"wp:attachment":[{"href":"https:\/\/maison-horizon.fr\/index.php?rest_route=%2Fwp%2Fv2%2Fmedia&parent=172"}],"curies":[{"name":"wp","href":"https:\/\/api.w.org\/{rel}","templated":true}]}}