{"id":164,"date":"2021-12-29T15:57:49","date_gmt":"2021-12-29T14:57:49","guid":{"rendered":"https:\/\/maison-horizon.fr\/?page_id=164"},"modified":"2022-01-03T12:30:07","modified_gmt":"2022-01-03T11:30:07","slug":"situation","status":"publish","type":"page","link":"https:\/\/maison-horizon.fr\/?page_id=164","title":{"rendered":"Situation"},"content":{"rendered":"\n<div class=\"wp-block-columns is-layout-flex wp-container-core-columns-is-layout-7387b849 wp-block-columns-is-layout-flex\">\n<div class=\"wp-block-column is-layout-flow wp-block-column-is-layout-flow\" style=\"flex-basis:33.33%\">\n<figure class=\"wp-block-image size-full\"><img data-recalc-dims=\"1\" loading=\"lazy\" decoding=\"async\" width=\"750\" height=\"499\" data-attachment-id=\"235\" data-permalink=\"https:\/\/maison-horizon.fr\/?attachment_id=235\" data-orig-file=\"https:\/\/i0.wp.com\/maison-horizon.fr\/wp-content\/uploads\/2021\/12\/DJI_0216.jpg?fit=886%2C590&amp;ssl=1\" data-orig-size=\"886,590\" data-comments-opened=\"1\" data-image-meta=\"{&quot;aperture&quot;:&quot;6.3&quot;,&quot;credit&quot;:&quot;&quot;,&quot;camera&quot;:&quot;L1D-20c&quot;,&quot;caption&quot;:&quot;&quot;,&quot;created_timestamp&quot;:&quot;1597237018&quot;,&quot;copyright&quot;:&quot;&quot;,&quot;focal_length&quot;:&quot;10.26&quot;,&quot;iso&quot;:&quot;100&quot;,&quot;shutter_speed&quot;:&quot;0.0025&quot;,&quot;title&quot;:&quot;&quot;,&quot;orientation&quot;:&quot;1&quot;}\" data-image-title=\"DJI_0216\" data-image-description=\"\" data-image-caption=\"\" data-large-file=\"https:\/\/i0.wp.com\/maison-horizon.fr\/wp-content\/uploads\/2021\/12\/DJI_0216.jpg?fit=750%2C499&amp;ssl=1\" src=\"https:\/\/i0.wp.com\/maison-horizon.fr\/wp-content\/uploads\/2021\/12\/DJI_0216.jpg?resize=750%2C499&#038;ssl=1\" alt=\"\" class=\"wp-image-235\" srcset=\"https:\/\/i0.wp.com\/maison-horizon.fr\/wp-content\/uploads\/2021\/12\/DJI_0216.jpg?w=886&amp;ssl=1 886w, https:\/\/i0.wp.com\/maison-horizon.fr\/wp-content\/uploads\/2021\/12\/DJI_0216.jpg?resize=300%2C200&amp;ssl=1 300w, https:\/\/i0.wp.com\/maison-horizon.fr\/wp-content\/uploads\/2021\/12\/DJI_0216.jpg?resize=768%2C511&amp;ssl=1 768w\" sizes=\"auto, (max-width: 750px) 100vw, 750px\" \/><\/figure>\n<\/div>\n\n\n\n<div class=\"wp-block-column is-layout-flow wp-block-column-is-layout-flow\" style=\"flex-basis:66.66%\">\n<p class=\"wp-block-paragraph\">Maison Horizon est situ\u00e9e \u00e0 2 pas du village, face au Saint-Julien et avec vue sur le G\u00e9ant de Provence. Maison Horizon vous offre une vue magnifique sur <strong>Buis-les-Baronnies, charmant village proven\u00e7al <\/strong>sur les bords de l&rsquo;Ouv\u00e8ze  et au coeur du Parc Naturel R\u00e9gional des Baronnies Proven\u00e7ales.<\/p>\n<\/div>\n<\/div>\n\n\n\n<p class=\"wp-block-paragraph\">Rendez-vous place des Arcades, baladez-vous dans ses pittoresques rues, d\u00e9couvrez ses boutiques , caf\u00e9s, restaurants, glaciers, librairie et location de v\u00e9los \u00e9lectriques, pour partir \u00e0 la d\u00e9couverte des Baronnies.<\/p>\n","protected":false},"excerpt":{"rendered":"<p>Maison Horizon est situ\u00e9e \u00e0 2 pas du village, face au Saint-Julien et avec vue sur le G\u00e9ant de Provence. Maison Horizon vous offre une vue magnifique sur Buis-les-Baronnies, charmant village proven\u00e7al sur les bords de l&rsquo;Ouv\u00e8ze et au coeur du Parc Naturel R\u00e9gional des Baronnies Proven\u00e7ales. Rendez-vous place des Arcades, baladez-vous dans ses pittoresques<a class=\"more-link\" href=\"https:\/\/maison-horizon.fr\/?page_id=164\">Lire la suite <span class=\"screen-reader-text\">\u00ab\u00a0Situation\u00a0\u00bb<\/span><\/a><\/p>\n","protected":false},"author":215344709,"featured_media":26,"parent":0,"menu_order":0,"comment_status":"closed","ping_status":"closed","template":"","meta":{"_crdt_document":"","advanced_seo_description":"","jetpack_seo_html_title":"","jetpack_seo_noindex":false,"footnotes":""},"class_list":["post-164","page","type-page","status-publish","has-post-thumbnail","hentry","entry"],"jetpack_likes_enabled":true,"jetpack_sharing_enabled":true,"jetpack_shortlink":"https:\/\/wp.me\/PdBV04-2E","amp_enabled":true,"_links":{"self":[{"href":"https:\/\/maison-horizon.fr\/index.php?rest_route=\/wp\/v2\/pages\/164","targetHints":{"allow":["GET"]}}],"collection":[{"href":"https:\/\/maison-horizon.fr\/index.php?rest_route=\/wp\/v2\/pages"}],"about":[{"href":"https:\/\/maison-horizon.fr\/index.php?rest_route=\/wp\/v2\/types\/page"}],"author":[{"embeddable":true,"href":"https:\/\/maison-horizon.fr\/index.php?rest_route=\/wp\/v2\/users\/215344709"}],"replies":[{"embeddable":true,"href":"https:\/\/maison-horizon.fr\/index.php?rest_route=%2Fwp%2Fv2%2Fcomments&post=164"}],"version-history":[{"count":4,"href":"https:\/\/maison-horizon.fr\/index.php?rest_route=\/wp\/v2\/pages\/164\/revisions"}],"predecessor-version":[{"id":336,"href":"https:\/\/maison-horizon.fr\/index.php?rest_route=\/wp\/v2\/pages\/164\/revisions\/336"}],"wp:featuredmedia":[{"embeddable":true,"href":"https:\/\/maison-horizon.fr\/index.php?rest_route=\/wp\/v2\/media\/26"}],"wp:attachment":[{"href":"https:\/\/maison-horizon.fr\/index.php?rest_route=%2Fwp%2Fv2%2Fmedia&parent=164"}],"curies":[{"name":"wp","href":"https:\/\/api.w.org\/{rel}","templated":true}]}}