{"id":146,"date":"2021-12-29T15:12:40","date_gmt":"2021-12-29T14:12:40","guid":{"rendered":"https:\/\/maison-horizon.fr\/?page_id=146"},"modified":"2023-09-24T18:30:30","modified_gmt":"2023-09-24T16:30:30","slug":"loisirs","status":"publish","type":"page","link":"https:\/\/maison-horizon.fr\/?page_id=146","title":{"rendered":"Loisirs"},"content":{"rendered":"\n<div class=\"wp-block-columns is-layout-flex wp-container-core-columns-is-layout-7387b849 wp-block-columns-is-layout-flex\">\n<div class=\"wp-block-column is-layout-flow wp-block-column-is-layout-flow\" style=\"flex-basis:33.33%\">\n<p class=\"has-secondary-color has-text-color wp-block-paragraph\" style=\"line-height:1.3\">Le Rocher d&rsquo;escalade du Saint-Julien<\/p>\n<\/div>\n\n\n\n<div class=\"wp-block-column is-layout-flow wp-block-column-is-layout-flow\" style=\"flex-basis:66.66%\">\n<p class=\"wp-block-paragraph\" style=\"line-height:1.3\">L&rsquo;une des plus longues Via Ferrata d&rsquo;Europe. Plus de 1700 m de parcours r\u00e9partis en 4 itin\u00e9raires de difficult\u00e9s diff\u00e9rentes.<\/p>\n<\/div>\n<\/div>\n\n\n\n<div class=\"wp-block-columns is-layout-flex wp-container-core-columns-is-layout-7387b849 wp-block-columns-is-layout-flex\">\n<div class=\"wp-block-column is-layout-flow wp-block-column-is-layout-flow\" style=\"flex-basis:33.33%\">\n<p class=\"has-secondary-color has-text-color wp-block-paragraph\">Le Mont Ventoux<\/p>\n<\/div>\n\n\n\n<div class=\"wp-block-column is-layout-flow wp-block-column-is-layout-flow\" style=\"flex-basis:66.66%\">\n<p class=\"wp-block-paragraph\" style=\"line-height:1.3\">Paradis des cyclistes et des randonneurs, le G\u00e9ant de Provence est incontournable.<\/p>\n<\/div>\n<\/div>\n\n\n\n<div class=\"wp-block-columns is-layout-flex wp-container-core-columns-is-layout-7387b849 wp-block-columns-is-layout-flex\">\n<div class=\"wp-block-column is-layout-flow wp-block-column-is-layout-flow\" style=\"flex-basis:33.33%\">\n<p class=\"has-secondary-color has-text-color wp-block-paragraph\" style=\"line-height:1.3\">Les Gorges du Toulourenc<\/p>\n<\/div>\n\n\n\n<div class=\"wp-block-column is-layout-flow wp-block-column-is-layout-flow\" style=\"flex-basis:66.66%\">\n<p class=\"has-normal-font-size wp-block-paragraph\" style=\"line-height:1.3\">Appr\u00e9ci\u00e9 des randonneurs et des amoureux de la nature, vous pourrez profiter de ses coins de baignade.<\/p>\n<\/div>\n<\/div>\n\n\n\n<div class=\"wp-block-columns is-layout-flex wp-container-core-columns-is-layout-7387b849 wp-block-columns-is-layout-flex\">\n<div class=\"wp-block-column is-layout-flow wp-block-column-is-layout-flow\" style=\"flex-basis:33.33%\">\n<p class=\"has-secondary-color has-text-color wp-block-paragraph\" style=\"line-height:1.7\">Les march\u00e9s proven\u00e7aux<\/p>\n<\/div>\n\n\n\n<div class=\"wp-block-column is-layout-flow wp-block-column-is-layout-flow\" style=\"flex-basis:66.66%\">\n<p class=\"wp-block-paragraph\" style=\"line-height:1.3\">Mardi \u00e0 Vaison La Romaine, Mercredi \u00e0 Buis-les-Baronnies, Jeudi \u00e0 Nyons, Samedi le march\u00e9 producteurs de Buis-les-Baronnies.<\/p>\n<\/div>\n<\/div>\n\n\n\n<div class=\"wp-block-columns is-layout-flex wp-container-core-columns-is-layout-7387b849 wp-block-columns-is-layout-flex\">\n<div class=\"wp-block-column is-layout-flow wp-block-column-is-layout-flow\" style=\"flex-basis:33.33%\">\n<p class=\"has-secondary-color has-text-color wp-block-paragraph\" style=\"line-height:1.3\">C\u00f4t\u00e9 Sport<\/p>\n<\/div>\n\n\n\n<div class=\"wp-block-column is-layout-flow wp-block-column-is-layout-flow\" style=\"flex-basis:66.66%\">\n<p class=\"wp-block-paragraph\" style=\"line-height:1.3\">Les Baronnies offrent un grand choix de circuits et sentiers de randonn\u00e9e pour tous les niveaux.<\/p>\n\n\n\n<p class=\"wp-block-paragraph\" style=\"line-height:1.3\">Cyclisme, VTT, v\u00e9los \u00e9lectriques : il y en a pour tous les go\u00fbts.<\/p>\n\n\n\n<p class=\"wp-block-paragraph\" style=\"line-height:1.3\">Escalade<\/p>\n\n\n\n<p class=\"wp-block-paragraph\" style=\"line-height:1.3\">Parapente \u00e0 M\u00e9vouillon<\/p>\n\n\n\n<p class=\"wp-block-paragraph\" style=\"line-height:1.3\">Ski au Mont Ventoux<\/p>\n<\/div>\n<\/div>\n\n\n\n<div class=\"wp-block-columns is-layout-flex wp-container-core-columns-is-layout-7387b849 wp-block-columns-is-layout-flex\">\n<div class=\"wp-block-column is-layout-flow wp-block-column-is-layout-flow\" style=\"flex-basis:33.33%\">\n<p class=\"has-secondary-color has-text-color wp-block-paragraph\" style=\"line-height:1.3\">F\u00eates et \u00e9v\u00e9nements<\/p>\n<\/div>\n\n\n\n<div class=\"wp-block-column is-layout-flow wp-block-column-is-layout-flow\" style=\"flex-basis:66.66%\">\n<p class=\"wp-block-paragraph\" style=\"line-height:1.3\">F\u00eate de la Saint-Laurent \u00e0 Buis-les-Baronnies en Ao\u00fbt<\/p>\n\n\n\n<p class=\"wp-block-paragraph\" style=\"line-height:1.3\">Festival des S\u00e9r\u00e9nades en Baronnies (musique classique et lyrique). Des concerts toute l&rsquo;ann\u00e9e<\/p>\n\n\n\n<p class=\"wp-block-paragraph\" style=\"line-height:1.3\">Festival Parfum de Jazz<\/p>\n\n\n\n<p class=\"wp-block-paragraph\" style=\"line-height:1.3\">Et bien d&rsquo;autres \u00e9v\u00e9nements dans les villages environnants &#8230;<\/p>\n<\/div>\n<\/div>\n","protected":false},"excerpt":{"rendered":"<p>Le Rocher d&rsquo;escalade du Saint-Julien L&rsquo;une des plus longues Via Ferrata d&rsquo;Europe. Plus de 1700 m de parcours r\u00e9partis en 4 itin\u00e9raires de difficult\u00e9s diff\u00e9rentes. Le Mont Ventoux Paradis des cyclistes et des randonneurs, le G\u00e9ant de Provence est incontournable. Les Gorges du Toulourenc Appr\u00e9ci\u00e9 des randonneurs et des amoureux de la nature, vous pourrez<a class=\"more-link\" href=\"https:\/\/maison-horizon.fr\/?page_id=146\">Lire la suite <span class=\"screen-reader-text\">\u00ab\u00a0Loisirs\u00a0\u00bb<\/span><\/a><\/p>\n","protected":false},"author":215344709,"featured_media":26,"parent":0,"menu_order":0,"comment_status":"closed","ping_status":"closed","template":"","meta":{"_crdt_document":"","advanced_seo_description":"","jetpack_seo_html_title":"","jetpack_seo_noindex":false,"footnotes":""},"class_list":["post-146","page","type-page","status-publish","has-post-thumbnail","hentry","entry"],"jetpack_likes_enabled":true,"jetpack_sharing_enabled":true,"jetpack_shortlink":"https:\/\/wp.me\/PdBV04-2m","amp_enabled":true,"_links":{"self":[{"href":"https:\/\/maison-horizon.fr\/index.php?rest_route=\/wp\/v2\/pages\/146","targetHints":{"allow":["GET"]}}],"collection":[{"href":"https:\/\/maison-horizon.fr\/index.php?rest_route=\/wp\/v2\/pages"}],"about":[{"href":"https:\/\/maison-horizon.fr\/index.php?rest_route=\/wp\/v2\/types\/page"}],"author":[{"embeddable":true,"href":"https:\/\/maison-horizon.fr\/index.php?rest_route=\/wp\/v2\/users\/215344709"}],"replies":[{"embeddable":true,"href":"https:\/\/maison-horizon.fr\/index.php?rest_route=%2Fwp%2Fv2%2Fcomments&post=146"}],"version-history":[{"count":16,"href":"https:\/\/maison-horizon.fr\/index.php?rest_route=\/wp\/v2\/pages\/146\/revisions"}],"predecessor-version":[{"id":903,"href":"https:\/\/maison-horizon.fr\/index.php?rest_route=\/wp\/v2\/pages\/146\/revisions\/903"}],"wp:featuredmedia":[{"embeddable":true,"href":"https:\/\/maison-horizon.fr\/index.php?rest_route=\/wp\/v2\/media\/26"}],"wp:attachment":[{"href":"https:\/\/maison-horizon.fr\/index.php?rest_route=%2Fwp%2Fv2%2Fmedia&parent=146"}],"curies":[{"name":"wp","href":"https:\/\/api.w.org\/{rel}","templated":true}]}}